{"id":3336,"date":"2017-03-26T14:10:20","date_gmt":"2017-03-26T13:10:20","guid":{"rendered":"https:\/\/promax.lookpro.com.tr\/hakkimizda\/"},"modified":"2024-05-28T11:54:38","modified_gmt":"2024-05-28T08:54:38","slug":"riguardo-a-noi","status":"publish","type":"page","link":"https:\/\/www.promax.com.ro\/it\/riguardo-a-noi\/","title":{"rendered":"Riguardo A Noi"},"content":{"rendered":"<div class=\"wpb-content-wrapper\"><p>[vc_row css=&#8221;.vc_custom_1637654325340{padding-top: 32px !important;}&#8221;][vc_column width=&#8221;1\/5&#8243;][vc_widget_sidebar sidebar_id=&#8221;sidebar_4&#8243;][\/vc_column][vc_column width=&#8221;4\/5&#8243;][vc_column_text css=&#8221;&#8221;]PROMAX \u00e8 stata fondata nel 2004 ad Ankara \/ Ostim in una fabbrica che ha un\u2019area di 1000 m2 e si \u00e8 sviluppata in breve tempo con una grande performance nel settore e poi ha stabilito la sua \u2018seconda fabbrica che ha 12.000 m2 di aree. Sta contribuendo all\u2019industria turca con i suoi 3 ingegneri e 50 persone. Dal giorno in cui \u00e8 stato istituito, \u00e8 stato solo la produzione di impianti batch (impianto di calcestruzzo) ed \u00e8 diventato un esperto concentrandosi su impianti batch.<\/p>\n<p>Ha documenti del sistema di garanzia della qualit\u00e0 come ISO 9001-CE-GOST-BURO VERITAS. PROMAX contribuisce all\u2019economia del paese esportando oltre il 80% della sua produzione.<\/p>\n<p>Ha presentato il potere dell\u2019industria turca esportando pi\u00f9 di 1000 impianti in pi\u00f9 di 85 paesi come Afghanistan, Albania, Algeria, Armenia, Austria, Azerbaigian, Belgio, Benin, Bosnia ed Erzegovina, Bulgaria, Burkina Faso, Camerun, Ciad, Croazia, Repubblica Democratica del Congo, Gibuti, Ecuador, Egitto, Francia Georgia, Ghana, Ungheria, Iran, Iraq, Israele, Italia, Costa d&#8217;Avorio, Giordania, Kazakistan, Kosovo, Kuwait, Kirghizistan, Liberia, Macedonia del Nord, Madagascar, Moldavia, Montenegro, Marocco, Mali, Nigeria, Polonia, Portogallo, Palestina, Romania, Russia, Arabia Saudita , Senegal, Serbia, Slovacchia, Slovenia, Somalia, Sudafrica, Sudan, Spagna, Svizzera, Siria, Tagikistan, Turchia, Turkmenistan, Ucraina, Uzbekistan. PROMAX, accettando l\u2019impianto batch come \u201cun impianto di produzione completo \/ fabbrica batch\u201d, ha concentrato i suoi lavori di ricerca-sviluppo e ingegneria sulla produzione e l\u2019installazione di impianti batch di buona qualit\u00e0. La soddisfazione del cliente incentrata sul cliente \u00e8 il nostro pi\u00f9 grande obiettivo. PROMAX Impianti di betonaggio, ricerca e sviluppo al fine di soddisfare le esigenze dei clienti in termini di attivit\u00e0, progetti e un forte background produttivo e un notevole accumulo di informazioni. PROMAX, con l\u2019obiettivo di fornire l\u2019impianto discontinuo di migliore qualit\u00e0 e la completa soddisfazione del cliente, \u00e8 adottato il principio di fornire tutti i servizi tecnici richiesti ai propri clienti.<\/p>\n<p>PROMAX essendo consapevole della soddisfazione del cliente e dell\u2019importanza del supporto post vendita in termini di permanenza e successo, fornisce tutti i servizi tecnici richiesti e le manutenzioni 24 ore e 7 giorni ininterrotti ai propri clienti. PROMAX, con l\u2019obiettivo di fornire l\u2019impianto discontinuo di migliore qualit\u00e0 e la completa soddisfazione del cliente, \u00e8 adottato il principio di fornire tutti i servizi tecnici richiesti ai propri clienti. PROMAX essendo consapevole della soddisfazione del cliente e dell\u2019importanza del supporto post vendita in termini di permanenza e successo, fornisce tutti i servizi tecnici richiesti e le manutenzioni 24 ore e 7 giorni ininterrotti ai propri clienti.<\/p>\n<p>PROMAX essendo consapevole della soddisfazione del cliente e dell\u2019importanza del supporto post vendita in termini di permanenza e successo, fornisce tutti i servizi tecnici richiesti e le manutenzioni 24 ore e 7 giorni ininterrotti ai propri clienti.[\/vc_column_text][\/vc_column][\/vc_row][vc_row bg_type=&#8221;bg_color&#8221; bg_override=&#8221;ex-full&#8221; type=&#8221;vc_default&#8221; margin_top=&#8221;-50&#8243; css=&#8221;.vc_custom_1498803830227{padding-top: 50px !important;background-color: #000000 !important;}&#8221; bg_color_value=&#8221;#1f365c&#8221;][vc_column width=&#8221;1\/3&#8243; offset=&#8221;vc_col-lg-4 vc_col-md-4&#8243; css=&#8221;.vc_custom_1476007482956{padding-bottom: 50px !important;}&#8221;]<div class=\"stats-block stats-left  accent-icon-bg  vc_custom_1637319482682\"><div class=\"aio-icon-left\"><div class=\"ult-just-icon-wrapper  \"><div class=\"align-icon\" style=\"text-align:center;\">\n<div class=\"aio-icon circle \"  style=\"color:#ffffff;background:#ffffff;font-size:32px;display:inline-block;\">\n\t<i class=\"fas fa-globe\"><\/i>\n<\/div><\/div><\/div><\/div><div class=\"stats-desc\" id=\"counter-responsv-wrap-6524\"><div id=\"counter_380897078869e62803f120b\" data-id=\"counter_380897078869e62803f120b\"  data-ultimate-target='#counter-responsv-wrap-6524 .stats-number'  data-responsive-json-new='{\"font-size\":\"desktop:70px;\",\"line-height\":\"desktop:70px;\"}'  class=\"stats-number ult-responsive\" style=\" color:#ffffff; font-family:&#039;Open Sans Condensed&#039;;font-weight:700;color:#ffffff;\" data-speed=\"3\" data-counter-value=\"85\" data-separator=\",\" data-decimal=\".\">0<\/div><div id=\"title-counter_380897078869e62803f120b\"  data-ultimate-target='#counter-responsv-wrap-6524 .stats-text'  data-responsive-json-new='{\"font-size\":\"desktop:20px;\",\"line-height\":\"desktop:26px;\"}'  class=\"stats-text ult-responsive\" style=\"font-size:px; color:#ffffff; font-family:&#039;Open Sans Condensed&#039;;font-weight:700;\">Nazione<\/div><\/div><\/div>[\/vc_column][vc_column width=&#8221;1\/3&#8243; css=&#8221;.vc_custom_1476007487982{padding-bottom: 50px !important;}&#8221;]<div class=\"stats-block stats-left  accent-icon-bg  vc_custom_1637319496988\"><div class=\"aio-icon-left\"><div class=\"ult-just-icon-wrapper  \"><div class=\"align-icon\" style=\"text-align:center;\">\n<div class=\"aio-icon circle \"  style=\"color:#ffffff;background:#ffffff;font-size:32px;display:inline-block;\">\n\t<i class=\"fas fa-cogs\"><\/i>\n<\/div><\/div><\/div><\/div><div class=\"stats-desc\" id=\"counter-responsv-wrap-2803\"><div id=\"counter_224780947769e62803f137f\" data-id=\"counter_224780947769e62803f137f\"  data-ultimate-target='#counter-responsv-wrap-2803 .stats-number'  data-responsive-json-new='{\"font-size\":\"desktop:70px;\",\"line-height\":\"desktop:70px;\"}'  class=\"stats-number ult-responsive\" style=\" color:#ffffff; font-family:&#039;Open Sans Condensed&#039;;font-weight:700;color:#ffffff;\" data-speed=\"3\" data-counter-value=\"900\" data-separator=\",\" data-decimal=\".\">0<\/div><div class=\"counter_suffix mycust ult-responsive\"  data-ultimate-target='#counter-responsv-wrap-2803 .mycust'  data-responsive-json-new='{\"font-size\":\"\",\"line-height\":\"\"}'  style=\" color:\">+<\/div><div id=\"title-counter_224780947769e62803f137f\"  data-ultimate-target='#counter-responsv-wrap-2803 .stats-text'  data-responsive-json-new='{\"font-size\":\"desktop:20px;\",\"line-height\":\"desktop:26px;\"}'  class=\"stats-text ult-responsive\" style=\"font-size:px; color:#ffffff; font-family:&#039;Open Sans Condensed&#039;;font-weight:700;\">Calcestruzzo<\/div><\/div><\/div>[\/vc_column][vc_column width=&#8221;1\/3&#8243; css=&#8221;.vc_custom_1476007492901{padding-bottom: 50px !important;}&#8221;]<div class=\"stats-block stats-left  accent-icon-bg  vc_custom_1637319508076\"><div class=\"aio-icon-left\"><div class=\"ult-just-icon-wrapper  \"><div class=\"align-icon\" style=\"text-align:center;\">\n<div class=\"aio-icon circle \"  style=\"color:#ffffff;background:#ffffff;font-size:32px;display:inline-block;\">\n\t<i class=\"icomoon-icomoonfree-16x16-users\"><\/i>\n<\/div><\/div><\/div><\/div><div class=\"stats-desc\" id=\"counter-responsv-wrap-4765\"><div id=\"counter_274509180269e62803f14ad\" data-id=\"counter_274509180269e62803f14ad\"  data-ultimate-target='#counter-responsv-wrap-4765 .stats-number'  data-responsive-json-new='{\"font-size\":\"desktop:70px;\",\"line-height\":\"desktop:70px;\"}'  class=\"stats-number ult-responsive\" style=\" color:#ffffff; font-family:&#039;Open Sans Condensed&#039;;font-weight:700;color:#ffffff;\" data-speed=\"3\" data-counter-value=\"1000\" data-separator=\",\" data-decimal=\".\">0<\/div><div class=\"counter_suffix mycust ult-responsive\"  data-ultimate-target='#counter-responsv-wrap-4765 .mycust'  data-responsive-json-new='{\"font-size\":\"\",\"line-height\":\"\"}'  style=\" color:\">+<\/div><div id=\"title-counter_274509180269e62803f14ad\"  data-ultimate-target='#counter-responsv-wrap-4765 .stats-text'  data-responsive-json-new='{\"font-size\":\"desktop:20px;\",\"line-height\":\"desktop:26px;\"}'  class=\"stats-text ult-responsive\" style=\"font-size:px; color:#ffffff; font-family:&#039;Open Sans Condensed&#039;;font-weight:700;\">Cliente soddisfatto<\/div><\/div><\/div>[\/vc_column][\/vc_row][vc_row type=&#8221;vc_default&#8221; css=&#8221;.vc_custom_1476012908960{padding-top: 70px !important;padding-bottom: 25px !important;}&#8221;][vc_column offset=&#8221;vc_col-lg-6 vc_col-md-6 vc_col-xs-12&#8243; css=&#8221;.vc_custom_1476013037503{padding-bottom: 25px !important;}&#8221;]<div id=\"ultimate-heading-613069e62803f154d\" class=\"uvc-heading ult-adjust-bottom-margin ultimate-heading-613069e62803f154d uvc-6201 \" data-hspacer=\"no_spacer\"  data-halign=\"left\" style=\"text-align:left\"><div class=\"uvc-heading-spacer no_spacer\" style=\"top\"><\/div><div class=\"uvc-main-heading ult-responsive\"  data-ultimate-target='.uvc-heading.ultimate-heading-613069e62803f154d h2'  data-responsive-json-new='{\"font-size\":\"desktop:26px;\",\"line-height\":\"desktop:32px;\"}' ><h2 style=\"font-weight:bold;margin-bottom:25px;\">Perch\u00e9 Noi<\/h2><\/div><\/div><div class=\"aio-icon-component  vc_custom_1637319549538  accent-icon-bg style_1\"><div id=\"Info-box-wrap-9243\" class=\"aio-icon-box left-icon\" style=\"\"  ><div class=\"aio-icon-left\"><div class=\"ult-just-icon-wrapper  \"><div class=\"align-icon\" style=\"text-align:center;\">\n<div class=\"aio-icon advanced \"  style=\"color:#ffffff;border-style:;border-color:#333333;border-width:1px;width:34px;height:34px;line-height:34px;border-radius:500px;font-size:16px;display:inline-block;\">\n\t<i class=\"far fa-check-circle\"><\/i>\n<\/div><\/div><\/div><\/div><div class=\"aio-ibd-block\"><div class=\"aio-icon-header\" ><h3 class=\"aio-icon-title ult-responsive\"  data-ultimate-target='#Info-box-wrap-9243 .aio-icon-title'  data-responsive-json-new='{\"font-size\":\"desktop:20px;\",\"line-height\":\"desktop:26px;\"}'  style=\"\">Soddisfazione Garantita<\/h3><\/div> <!-- header --><div class=\"aio-icon-description ult-responsive\"  data-ultimate-target='#Info-box-wrap-9243 .aio-icon-description'  data-responsive-json-new='{\"font-size\":\"\",\"line-height\":\"\"}'  style=\"\"><\/p>\n<div class=\"stm_animation stm_viewport\" data-animate=\"fadeInUp\" data-animation-delay=\"0\" data-animation-duration=\"0.5\" data-viewport_position=\"90\">\n<div class=\"icon_box style_7 clearfix animated fadeInUp\">\n<div class=\"icon_box_inner\">\n<div class=\"icon_text\">\n<p>Strategia di sviluppo orientata al cliente mirata alla piena soddisfazione<\/p>\n<\/div>\n<\/div>\n<\/div>\n<\/div>\n<p><\/div> <!-- description --><\/div> <!-- aio-ibd-block --><\/div> <!-- aio-icon-box --><\/div> <!-- aio-icon-component --><div class=\"aio-icon-component  vc_custom_1637319566236  accent-icon-bg style_1\"><div id=\"Info-box-wrap-5425\" class=\"aio-icon-box left-icon\" style=\"\"  ><div class=\"aio-icon-left\"><div class=\"ult-just-icon-wrapper  \"><div class=\"align-icon\" style=\"text-align:center;\">\n<div class=\"aio-icon advanced \"  style=\"color:#ffffff;border-style:;border-color:#333333;border-width:1px;width:34px;height:34px;line-height:34px;border-radius:500px;font-size:16px;display:inline-block;\">\n\t<i class=\"icomoon-icomoonfree-16x16-users\"><\/i>\n<\/div><\/div><\/div><\/div><div class=\"aio-ibd-block\"><div class=\"aio-icon-header\" ><h3 class=\"aio-icon-title ult-responsive\"  data-ultimate-target='#Info-box-wrap-5425 .aio-icon-title'  data-responsive-json-new='{\"font-size\":\"desktop:20px;\",\"line-height\":\"desktop:26px;\"}'  style=\"\">Personale Esperto<\/h3><\/div> <!-- header --><div class=\"aio-icon-description ult-responsive\"  data-ultimate-target='#Info-box-wrap-5425 .aio-icon-description'  data-responsive-json-new='{\"font-size\":\"\",\"line-height\":\"\"}'  style=\"\"><\/p>\n<div class=\"stm_animation stm_viewport\" data-animate=\"fadeInUp\" data-animation-delay=\"0.2\" data-animation-duration=\"0.5\" data-viewport_position=\"90\">\n<div class=\"icon_box style_7 clearfix animated fadeInUp\">\n<div class=\"icon_box_inner\">\n<div class=\"icon_text\">\n<p>Personale esperto di impianti per la produzione di calcestruzzo per fornire soluzioni specifiche per il cliente.<\/p>\n<\/div>\n<\/div>\n<\/div>\n<\/div>\n<p><\/div> <!-- description --><\/div> <!-- aio-ibd-block --><\/div> <!-- aio-icon-box --><\/div> <!-- aio-icon-component --><div class=\"aio-icon-component  vc_custom_1637319581038  accent-icon-bg style_1\"><div id=\"Info-box-wrap-5366\" class=\"aio-icon-box left-icon\" style=\"\"  ><div class=\"aio-icon-left\"><div class=\"ult-just-icon-wrapper  \"><div class=\"align-icon\" style=\"text-align:center;\">\n<div class=\"aio-icon advanced \"  style=\"color:#ffffff;border-style:;border-color:#333333;border-width:1px;width:34px;height:34px;line-height:34px;border-radius:500px;font-size:16px;display:inline-block;\">\n\t<i class=\"fas fa-lock\"><\/i>\n<\/div><\/div><\/div><\/div><div class=\"aio-ibd-block\"><div class=\"aio-icon-header\" ><h3 class=\"aio-icon-title ult-responsive\"  data-ultimate-target='#Info-box-wrap-5366 .aio-icon-title'  data-responsive-json-new='{\"font-size\":\"desktop:20px;\",\"line-height\":\"desktop:26px;\"}'  style=\"\">Affidabilit\u00e0<\/h3><\/div> <!-- header --><div class=\"aio-icon-description ult-responsive\"  data-ultimate-target='#Info-box-wrap-5366 .aio-icon-description'  data-responsive-json-new='{\"font-size\":\"\",\"line-height\":\"\"}'  style=\"\"><\/p>\n<div class=\"stm_animation stm_viewport\" data-animate=\"fadeInUp\" data-animation-delay=\"0.4\" data-animation-duration=\"0.5\" data-viewport_position=\"90\">\n<div class=\"icon_box style_7 clearfix animated fadeInUp\">\n<div class=\"icon_box_inner\">\n<div class=\"icon_text\">\n<p>Senza compromettere la qualit\u00e0, clienti e fornitori basati sulla fiducia sviluppano relazioni durature e durature.<\/p>\n<\/div>\n<\/div>\n<\/div>\n<\/div>\n<p><\/div> <!-- description --><\/div> <!-- aio-ibd-block --><\/div> <!-- aio-icon-box --><\/div> <!-- aio-icon-component --><div class=\"aio-icon-component  vc_custom_1637319596333  accent-icon-bg style_1\"><div id=\"Info-box-wrap-8302\" class=\"aio-icon-box left-icon\" style=\"\"  ><div class=\"aio-icon-left\"><div class=\"ult-just-icon-wrapper  \"><div class=\"align-icon\" style=\"text-align:center;\">\n<div class=\"aio-icon advanced \"  style=\"color:#ffffff;border-style:;border-color:#333333;border-width:1px;width:34px;height:34px;line-height:34px;border-radius:500px;font-size:16px;display:inline-block;\">\n\t<i class=\"far fa-lightbulb\"><\/i>\n<\/div><\/div><\/div><\/div><div class=\"aio-ibd-block\"><div class=\"aio-icon-header\" ><h3 class=\"aio-icon-title ult-responsive\"  data-ultimate-target='#Info-box-wrap-8302 .aio-icon-title'  data-responsive-json-new='{\"font-size\":\"desktop:20px;\",\"line-height\":\"desktop:26px;\"}'  style=\"\">Prodotti Di Alta Qualit\u00e0<\/h3><\/div> <!-- header --><div class=\"aio-icon-description ult-responsive\"  data-ultimate-target='#Info-box-wrap-8302 .aio-icon-description'  data-responsive-json-new='{\"font-size\":\"\",\"line-height\":\"\"}'  style=\"\"><\/p>\n<div class=\"stm_animation stm_viewport\" data-animate=\"fadeInUp\" data-animation-delay=\"0.6\" data-animation-duration=\"0.5\" data-viewport_position=\"90\">\n<div class=\"icon_box style_7 clearfix animated fadeInUp\">\n<div class=\"icon_box_inner\">\n<div class=\"icon_text\">\n<p>Funzionale e vantaggioso per i nostri clienti di offrire impianti di calcestruzzo con l\u2019obiettivo di \u201cprodotto di qualit\u00e0\u201d.<\/p>\n<\/div>\n<\/div>\n<\/div>\n<\/div>\n<p><\/div> <!-- description --><\/div> <!-- aio-ibd-block --><\/div> <!-- aio-icon-box --><\/div> <!-- aio-icon-component -->[\/vc_column][vc_column offset=&#8221;vc_col-lg-6 vc_col-md-6 vc_col-xs-12&#8243; css=&#8221;.vc_custom_1476012903703{padding-bottom: 50px !important;}&#8221;][\/vc_column][\/vc_row]<\/p>\n<\/div>","protected":false},"excerpt":{"rendered":"<p>[vc_row css=&#8221;.vc_custom_1637654325340{padding-top: 32px !important;}&#8221;][vc_column width=&#8221;1\/5&#8243;][vc_widget_sidebar sidebar_id=&#8221;sidebar_4&#8243;][\/vc_column][vc_column width=&#8221;4\/5&#8243;][vc_column_text css=&#8221;&#8221;]PROMAX \u00e8 stata fondata nel 2004 ad Ankara \/ Ostim in una fabbrica che ha un\u2019area di 1000 m2 e si \u00e8 sviluppata in breve tempo con una grande performance nel settore e poi ha stabilito la sua \u2018seconda fabbrica che ha 12.000 m2 di aree. Sta contribuendo&hellip;<\/p>\n","protected":false},"author":1,"featured_media":0,"parent":0,"menu_order":0,"comment_status":"closed","ping_status":"closed","template":"","meta":{"om_disable_all_campaigns":false,"_monsterinsights_skip_tracking":false,"_monsterinsights_sitenote_active":false,"_monsterinsights_sitenote_note":"","_monsterinsights_sitenote_category":0,"_uf_show_specific_survey":0,"_uf_disable_surveys":false,"footnotes":""},"class_list":["post-3336","page","type-page","status-publish","hentry","description-off"],"yoast_head":"<!-- This site is optimized with the Yoast SEO Premium plugin v23.6 (Yoast SEO v23.6) - https:\/\/yoast.com\/wordpress\/plugins\/seo\/ -->\n<title>Riguardo A Noi - Sta\u021bii de betoane de \u00eenalt\u0103 calitate - Concrete Batch Plants<\/title>\n<meta name=\"robots\" content=\"index, follow, max-snippet:-1, max-image-preview:large, max-video-preview:-1\" \/>\n<link rel=\"canonical\" href=\"https:\/\/www.promax.com.ro\/it\/riguardo-a-noi\/\" \/>\n<meta property=\"og:locale\" content=\"it_IT\" \/>\n<meta property=\"og:type\" content=\"article\" \/>\n<meta property=\"og:title\" content=\"Riguardo A Noi\" \/>\n<meta property=\"og:description\" content=\"[vc_row css=&#8221;.vc_custom_1637654325340{padding-top: 32px !important;}&#8221;][vc_column width=&#8221;1\/5&#8243;][vc_widget_sidebar sidebar_id=&#8221;sidebar_4&#8243;][\/vc_column][vc_column width=&#8221;4\/5&#8243;][vc_column_text css=&#8221;&#8221;]PROMAX \u00e8 stata fondata nel 2004 ad Ankara \/ Ostim in una fabbrica che ha un\u2019area di 1000 m2 e si \u00e8 sviluppata in breve tempo con una grande performance nel settore e poi ha stabilito la sua \u2018seconda fabbrica che ha 12.000 m2 di aree. Sta contribuendo&hellip;\" \/>\n<meta property=\"og:url\" content=\"https:\/\/www.promax.com.ro\/it\/riguardo-a-noi\/\" \/>\n<meta property=\"og:site_name\" content=\"Sta\u021bii de betoane de \u00eenalt\u0103 calitate - Concrete Batch Plants\" \/>\n<meta property=\"article:modified_time\" content=\"2024-05-28T08:54:38+00:00\" \/>\n<meta name=\"twitter:card\" content=\"summary_large_image\" \/>\n<meta name=\"twitter:label1\" content=\"Tempo di lettura stimato\" \/>\n\t<meta name=\"twitter:data1\" content=\"5 minuti\" \/>\n<script type=\"application\/ld+json\" class=\"yoast-schema-graph\">{\"@context\":\"https:\/\/schema.org\",\"@graph\":[{\"@type\":\"WebPage\",\"@id\":\"https:\/\/www.promax.com.ro\/it\/riguardo-a-noi\/\",\"url\":\"https:\/\/www.promax.com.ro\/it\/riguardo-a-noi\/\",\"name\":\"Riguardo A Noi - Sta\u021bii de betoane de \u00eenalt\u0103 calitate - Concrete Batch Plants\",\"isPartOf\":{\"@id\":\"https:\/\/www.promax.com.ro\/en\/#website\"},\"datePublished\":\"2017-03-26T13:10:20+00:00\",\"dateModified\":\"2024-05-28T08:54:38+00:00\",\"breadcrumb\":{\"@id\":\"https:\/\/www.promax.com.ro\/it\/riguardo-a-noi\/#breadcrumb\"},\"inLanguage\":\"it-IT\",\"potentialAction\":[{\"@type\":\"ReadAction\",\"target\":[\"https:\/\/www.promax.com.ro\/it\/riguardo-a-noi\/\"]}]},{\"@type\":\"BreadcrumbList\",\"@id\":\"https:\/\/www.promax.com.ro\/it\/riguardo-a-noi\/#breadcrumb\",\"itemListElement\":[{\"@type\":\"ListItem\",\"position\":1,\"name\":\"Anasayfa\",\"item\":\"https:\/\/www.promax.com.ro\/it\/\"},{\"@type\":\"ListItem\",\"position\":2,\"name\":\"Riguardo A Noi\"}]},{\"@type\":\"WebSite\",\"@id\":\"https:\/\/www.promax.com.ro\/en\/#website\",\"url\":\"https:\/\/www.promax.com.ro\/en\/\",\"name\":\"Y\u00fcksek Kaliteli Beton Santralleri - Promax\",\"description\":\"\",\"publisher\":{\"@id\":\"https:\/\/www.promax.com.ro\/en\/#organization\"},\"potentialAction\":[{\"@type\":\"SearchAction\",\"target\":{\"@type\":\"EntryPoint\",\"urlTemplate\":\"https:\/\/www.promax.com.ro\/en\/?s={search_term_string}\"},\"query-input\":{\"@type\":\"PropertyValueSpecification\",\"valueRequired\":true,\"valueName\":\"search_term_string\"}}],\"inLanguage\":\"it-IT\"},{\"@type\":\"Organization\",\"@id\":\"https:\/\/www.promax.com.ro\/en\/#organization\",\"name\":\"Y\u00fcksek Kaliteli Beton Santralleri - Promax\",\"url\":\"https:\/\/www.promax.com.ro\/en\/\",\"logo\":{\"@type\":\"ImageObject\",\"inLanguage\":\"it-IT\",\"@id\":\"https:\/\/www.promax.com.ro\/en\/#\/schema\/logo\/image\/\",\"url\":\"https:\/\/yeni.promaxstar.net\/wp-content\/uploads\/2024\/05\/promaxstar-2.png\",\"contentUrl\":\"https:\/\/yeni.promaxstar.net\/wp-content\/uploads\/2024\/05\/promaxstar-2.png\",\"width\":258,\"height\":120,\"caption\":\"Y\u00fcksek Kaliteli Beton Santralleri - Promax\"},\"image\":{\"@id\":\"https:\/\/www.promax.com.ro\/en\/#\/schema\/logo\/image\/\"}}]}<\/script>\n<!-- \/ Yoast SEO Premium plugin. -->","yoast_head_json":{"title":"Riguardo A Noi - Sta\u021bii de betoane de \u00eenalt\u0103 calitate - Concrete Batch Plants","robots":{"index":"index","follow":"follow","max-snippet":"max-snippet:-1","max-image-preview":"max-image-preview:large","max-video-preview":"max-video-preview:-1"},"canonical":"https:\/\/www.promax.com.ro\/it\/riguardo-a-noi\/","og_locale":"it_IT","og_type":"article","og_title":"Riguardo A Noi","og_description":"[vc_row css=&#8221;.vc_custom_1637654325340{padding-top: 32px !important;}&#8221;][vc_column width=&#8221;1\/5&#8243;][vc_widget_sidebar sidebar_id=&#8221;sidebar_4&#8243;][\/vc_column][vc_column width=&#8221;4\/5&#8243;][vc_column_text css=&#8221;&#8221;]PROMAX \u00e8 stata fondata nel 2004 ad Ankara \/ Ostim in una fabbrica che ha un\u2019area di 1000 m2 e si \u00e8 sviluppata in breve tempo con una grande performance nel settore e poi ha stabilito la sua \u2018seconda fabbrica che ha 12.000 m2 di aree. Sta contribuendo&hellip;","og_url":"https:\/\/www.promax.com.ro\/it\/riguardo-a-noi\/","og_site_name":"Sta\u021bii de betoane de \u00eenalt\u0103 calitate - Concrete Batch Plants","article_modified_time":"2024-05-28T08:54:38+00:00","twitter_card":"summary_large_image","twitter_misc":{"Tempo di lettura stimato":"5 minuti"},"schema":{"@context":"https:\/\/schema.org","@graph":[{"@type":"WebPage","@id":"https:\/\/www.promax.com.ro\/it\/riguardo-a-noi\/","url":"https:\/\/www.promax.com.ro\/it\/riguardo-a-noi\/","name":"Riguardo A Noi - Sta\u021bii de betoane de \u00eenalt\u0103 calitate - Concrete Batch Plants","isPartOf":{"@id":"https:\/\/www.promax.com.ro\/en\/#website"},"datePublished":"2017-03-26T13:10:20+00:00","dateModified":"2024-05-28T08:54:38+00:00","breadcrumb":{"@id":"https:\/\/www.promax.com.ro\/it\/riguardo-a-noi\/#breadcrumb"},"inLanguage":"it-IT","potentialAction":[{"@type":"ReadAction","target":["https:\/\/www.promax.com.ro\/it\/riguardo-a-noi\/"]}]},{"@type":"BreadcrumbList","@id":"https:\/\/www.promax.com.ro\/it\/riguardo-a-noi\/#breadcrumb","itemListElement":[{"@type":"ListItem","position":1,"name":"Anasayfa","item":"https:\/\/www.promax.com.ro\/it\/"},{"@type":"ListItem","position":2,"name":"Riguardo A Noi"}]},{"@type":"WebSite","@id":"https:\/\/www.promax.com.ro\/en\/#website","url":"https:\/\/www.promax.com.ro\/en\/","name":"Y\u00fcksek Kaliteli Beton Santralleri - Promax","description":"","publisher":{"@id":"https:\/\/www.promax.com.ro\/en\/#organization"},"potentialAction":[{"@type":"SearchAction","target":{"@type":"EntryPoint","urlTemplate":"https:\/\/www.promax.com.ro\/en\/?s={search_term_string}"},"query-input":{"@type":"PropertyValueSpecification","valueRequired":true,"valueName":"search_term_string"}}],"inLanguage":"it-IT"},{"@type":"Organization","@id":"https:\/\/www.promax.com.ro\/en\/#organization","name":"Y\u00fcksek Kaliteli Beton Santralleri - Promax","url":"https:\/\/www.promax.com.ro\/en\/","logo":{"@type":"ImageObject","inLanguage":"it-IT","@id":"https:\/\/www.promax.com.ro\/en\/#\/schema\/logo\/image\/","url":"https:\/\/yeni.promaxstar.net\/wp-content\/uploads\/2024\/05\/promaxstar-2.png","contentUrl":"https:\/\/yeni.promaxstar.net\/wp-content\/uploads\/2024\/05\/promaxstar-2.png","width":258,"height":120,"caption":"Y\u00fcksek Kaliteli Beton Santralleri - Promax"},"image":{"@id":"https:\/\/www.promax.com.ro\/en\/#\/schema\/logo\/image\/"}}]}},"_links":{"self":[{"href":"https:\/\/www.promax.com.ro\/it\/wp-json\/wp\/v2\/pages\/3336"}],"collection":[{"href":"https:\/\/www.promax.com.ro\/it\/wp-json\/wp\/v2\/pages"}],"about":[{"href":"https:\/\/www.promax.com.ro\/it\/wp-json\/wp\/v2\/types\/page"}],"author":[{"embeddable":true,"href":"https:\/\/www.promax.com.ro\/it\/wp-json\/wp\/v2\/users\/1"}],"replies":[{"embeddable":true,"href":"https:\/\/www.promax.com.ro\/it\/wp-json\/wp\/v2\/comments?post=3336"}],"version-history":[{"count":0,"href":"https:\/\/www.promax.com.ro\/it\/wp-json\/wp\/v2\/pages\/3336\/revisions"}],"wp:attachment":[{"href":"https:\/\/www.promax.com.ro\/it\/wp-json\/wp\/v2\/media?parent=3336"}],"curies":[{"name":"wp","href":"https:\/\/api.w.org\/{rel}","templated":true}]}}